{"id":1678,"date":"2024-07-25T10:37:45","date_gmt":"2024-07-25T10:37:45","guid":{"rendered":"https:\/\/shop.midoble.com\/?page_id=1678"},"modified":"2024-07-25T10:37:47","modified_gmt":"2024-07-25T10:37:47","slug":"aviso-legal","status":"publish","type":"page","link":"https:\/\/shop.midoble.com\/en\/aviso-legal\/","title":{"rendered":"Legal Notice"},"content":{"rendered":"<p>Bienvenido a la web de MiDoble (MiDoble.com), propiedad de Messagenes Espa\u00f1a, S.L.<\/p><p>Datos de la Empresa:<\/p><ul class=\"wp-block-list\"><li>Titular: Messagenes Espa\u00f1a, S.L.<\/li>\n\n<li>CIF: B55673198<\/li>\n\n<li>Domicilio Social: Carrer Foixarda 16, 43008, Tarragona, Espa\u00f1a.<\/li>\n\n<li>Tel\u00e9fono de Contacto: (+34) 123 456 789<\/li>\n\n<li>Correo Electr\u00f3nico de Contacto:\u00a0<a href=\"mailto:info@messagenes.com\">info@messagenes.com<\/a><\/li>\n\n<li>Registro Mercantil: Inscrita en el Registro Mercantil de Madrid, Tomo XX, Libro 0, Folio XX, Secci\u00f3n 8, Hoja M-XXXXXX, Inscripci\u00f3n n\u00fam. 2.<\/li>\n\n<li>NIF\/CIF: B55673198<\/li><\/ul><h2 class=\"wp-block-heading\">Condiciones de Uso<\/h2><p>Las presentes condiciones regulan el uso del sitio web MiDoble.com, donde se encuentra a disposici\u00f3n del p\u00fablico informaci\u00f3n relativa a los servicios ofrecidos por Messagenes Espa\u00f1a, S.L. Al acceder a este sitio web y utilizar los materiales contenidos en \u00e9l, usted reconoce que ha le\u00eddo y acepta estas condiciones, sin reservas. Messagenes Espa\u00f1a, S.L. se reserva el derecho a denegar, suspender, interrumpir o cancelar el acceso o la utilizaci\u00f3n de parte o la totalidad de este sitio web a los usuarios o visitantes que incumplan las condiciones del presente Aviso Legal. Este sitio web contiene materiales como art\u00edculos, estudios y descripciones de proyectos preparados por Messagenes Espa\u00f1a, S.L. solo con fines informativos. Tenga en cuenta que estos materiales pueden ser modificados, desarrollados o actualizados por Messagenes Espa\u00f1a, S.L. en cualquier momento sin previo aviso.<\/p><h2 class=\"wp-block-heading\">Derechos de Propiedad Intelectual e Industrial<\/h2><p>\u00a9 2024 Messagenes Espa\u00f1a, S.L. Reservados todos los derechos. Todo el contenido de este sitio web, incluyendo, entre otros, cualquier texto, im\u00e1genes, documentos, fotograf\u00edas, logotipos, gr\u00e1ficos, marcas comerciales, iconos, combinaciones de colores o cualquier otro elemento; la estructura y dise\u00f1o del sitio web; la disposici\u00f3n de los materiales; el software, los enlaces y dem\u00e1s contenidos audiovisuales o de audio, as\u00ed como el dise\u00f1o gr\u00e1fico y los c\u00f3digos fuente necesarios para acceder, operar y utilizar el sitio web, est\u00e1n protegidos por derechos de propiedad industrial e intelectual titularidad de Messagenes Espa\u00f1a, S.L. o de terceros. No se entienden cedidos derechos de explotaci\u00f3n sobre los mismos m\u00e1s all\u00e1 de lo estrictamente necesario para el correcto uso de la web. En particular, la reproducci\u00f3n, transformaci\u00f3n, distribuci\u00f3n, comunicaci\u00f3n p\u00fablica, puesta a disposici\u00f3n del p\u00fablico y en general cualquier otra forma de explotaci\u00f3n, por cualquier medio, de la totalidad o parte de los contenidos de este sitio web, as\u00ed como su dise\u00f1o y la selecci\u00f3n y el dise\u00f1o de los materiales incluidos en este documento est\u00e1 prohibido. Dicha explotaci\u00f3n solo est\u00e1 permitida con el consentimiento expl\u00edcito de Messagenes Espa\u00f1a, S.L. y siempre que se haga referencia a la titularidad de Messagenes Espa\u00f1a, S.L. sobre los citados derechos de propiedad intelectual e industrial. Descompilar, desensamblar, realizar ingenier\u00eda inversa, otorgar sublicencias o transmitir, traducir o crear obras derivadas de los programas de computadora necesarios para operar, acceder y usar este sitio web y los servicios que contiene, y explotar cualquiera o todos estos programas de la manera descrita en el p\u00e1rrafo anterior, est\u00e1 igualmente prohibido. El usuario del sitio web deber\u00e1 abstenerse de suprimir, alterar, eludir o manipular cualesquiera dispositivos de protecci\u00f3n o sistemas de seguridad que puedan estar instalados en el sitio web. Todas las marcas, nombres comerciales o signos distintivos son propiedad de Messagenes Espa\u00f1a, S.L. o de terceros. El acceso al sitio web no atribuye a los usuarios derecho alguno sobre dichas marcas, nombres comerciales y\/o signos distintivos.<\/p><h2 class=\"wp-block-heading\">Hiperv\u00ednculos<\/h2><p>Los hiperv\u00ednculos o links de este sitio web pueden conducir al usuario a otros sitios y p\u00e1ginas web gestionados por terceros, sobre los cuales Messagenes Espa\u00f1a, S.L. no tiene ning\u00fan tipo de control. Messagenes Espa\u00f1a, S.L. no responde ni de los contenidos ni del estado de dichos sitios o p\u00e1ginas web, y el hecho de que se pueda acceder a las mismas desde este sitio web tampoco implica que Messagenes Espa\u00f1a, S.L. recomiende o apruebe sus contenidos.<\/p><h2 class=\"wp-block-heading\">Modificaciones<\/h2><p>Messagenes Espa\u00f1a, S.L. se reserva el derecho de modificar, ampliar o suspender temporalmente, de forma unilateral, la presentaci\u00f3n, configuraci\u00f3n, especificaciones t\u00e9cnicas y servicios del sitio web en cualquier momento y sin previo aviso con el fin de introducir mejoras en el mismo. Asimismo, se reserva el derecho de modificar en cualquier momento las presentes condiciones de uso y otras condiciones particulares.<\/p><h2 class=\"wp-block-heading\">Exclusi\u00f3n de Responsabilidad<\/h2><p>Quienes utilizan este sitio web lo hacen bajo su propio riesgo. Ni Messagenes Espa\u00f1a, S.L. ni sus socios, asociados, empleados o representantes son responsables de los errores u omisiones que afecten a los contenidos de este sitio web u otros contenidos a los que se pueda acceder a trav\u00e9s del mismo. Ni Messagenes Espa\u00f1a, S.L. ni sus socios, asociados, empleados o representantes ser\u00e1n responsables de los da\u00f1os derivados del uso de este sitio web o de cualquier acci\u00f3n realizada sobre la base de la informaci\u00f3n aqu\u00ed proporcionada. No se otorga garant\u00eda de ning\u00fan tipo, expresa o impl\u00edcita, con respecto a la informaci\u00f3n de este sitio web, que puede cambiarse o actualizarse sin previo aviso.<\/p>","protected":false},"excerpt":{"rendered":"<p>Bienvenido a la web de MiDoble (MiDoble.com), propiedad de Messagenes Espa\u00f1a, S.L. Datos de la Empresa: Condiciones de Uso Las presentes condiciones regulan el uso del sitio web MiDoble.com, donde se encuentra a disposici\u00f3n del p\u00fablico informaci\u00f3n relativa a los servicios ofrecidos por Messagenes Espa\u00f1a, S.L. Al acceder a este sitio web y utilizar los [&hellip;]<\/p>","protected":false},"author":1,"featured_media":0,"parent":0,"menu_order":0,"comment_status":"closed","ping_status":"closed","template":"","meta":{"rank_math_lock_modified_date":false,"footnotes":""},"class_list":["post-1678","page","type-page","status-publish","hentry"],"_links":{"self":[{"href":"https:\/\/shop.midoble.com\/en\/wp-json\/wp\/v2\/pages\/1678"}],"collection":[{"href":"https:\/\/shop.midoble.com\/en\/wp-json\/wp\/v2\/pages"}],"about":[{"href":"https:\/\/shop.midoble.com\/en\/wp-json\/wp\/v2\/types\/page"}],"author":[{"embeddable":true,"href":"https:\/\/shop.midoble.com\/en\/wp-json\/wp\/v2\/users\/1"}],"replies":[{"embeddable":true,"href":"https:\/\/shop.midoble.com\/en\/wp-json\/wp\/v2\/comments?post=1678"}],"version-history":[{"count":1,"href":"https:\/\/shop.midoble.com\/en\/wp-json\/wp\/v2\/pages\/1678\/revisions"}],"predecessor-version":[{"id":1679,"href":"https:\/\/shop.midoble.com\/en\/wp-json\/wp\/v2\/pages\/1678\/revisions\/1679"}],"wp:attachment":[{"href":"https:\/\/shop.midoble.com\/en\/wp-json\/wp\/v2\/media?parent=1678"}],"curies":[{"name":"wp","href":"https:\/\/api.w.org\/{rel}","templated":true}]}}