{"id":1680,"date":"2024-07-25T10:38:22","date_gmt":"2024-07-25T10:38:22","guid":{"rendered":"https:\/\/shop.midoble.com\/?page_id=1680"},"modified":"2024-08-16T13:58:00","modified_gmt":"2024-08-16T13:58:00","slug":"cookies","status":"publish","type":"page","link":"https:\/\/shop.midoble.com\/en\/cookies\/","title":{"rendered":"Pol\u00edtica de Cookies"},"content":{"rendered":"<h2 class=\"wp-block-heading\">Responsable del Tratamiento de Datos Personales<\/h2><ul class=\"wp-block-list\"><li>Identidad: Messagenes Espa\u00f1a, S.L.<\/li>\n\n<li>Domicilio Postal: Carrer Foixarda 16, 43008, Tarragona, Espa\u00f1a.<\/li>\n\n<li>Correo Electr\u00f3nico de Contacto:\u00a0<a href=\"mailto:admin@messagenes.com\">admin@messagenes.com<\/a><\/li><\/ul><h2 class=\"wp-block-heading\">\u00bfQu\u00e9 son las Cookies?<\/h2><p>Messagenes Espa\u00f1a, S.L. (en adelante, \u00abMessagenes\u00bb) informa a trav\u00e9s de la presente Pol\u00edtica de Cookies sobre la utilizaci\u00f3n de dispositivos de almacenamiento y recuperaci\u00f3n de datos en los equipos terminales de los Usuarios. Las cookies son ficheros que se descargan en el ordenador, smartphone o tablet del usuario al acceder a determinadas p\u00e1ginas web y aplicaciones que permiten almacenar las preferencias de navegaci\u00f3n del usuario, agilizando y facilitando la interacci\u00f3n entre el Usuario y el Sitio Web. La informaci\u00f3n que recogen las cookies es an\u00f3nima y no contiene informaci\u00f3n sensible, ya que no recogen datos que puedan identificar personalmente al Usuario. En todo caso, el Usuario podr\u00e1 acceder a la configuraci\u00f3n de su navegador para modificar y\/o bloquear la instalaci\u00f3n de las Cookies enviadas desde el Sitio Web, sin que ello impida el acceso a los contenidos.<\/p><h2 class=\"wp-block-heading\">\u00bfPara qu\u00e9 utiliza Messagenes las Cookies?<\/h2><p>Este Sitio Web utiliza cookies u otros dispositivos de almacenamiento y recuperaci\u00f3n de informaci\u00f3n para rastrear las interacciones de los Usuarios con los servicios ofrecidos en el Sitio Web. Las cookies permiten reconocer el navegador de un Usuario, as\u00ed como el tipo de dispositivo desde el que se accede al Sitio Web, y se utilizan para facilitar la pr\u00f3xima visita del Usuario y hacer que el Sitio Web sea m\u00e1s \u00fatil. Por ejemplo, Messagenes utiliza cookies para asegurarse de que el Sitio Web funciona correctamente y conocer su experiencia de navegaci\u00f3n, entre otros. En definitiva, el uso de cookies permite a Messagenes optimizar la navegaci\u00f3n del Usuario, adaptando la informaci\u00f3n y los servicios ofrecidos a sus intereses y preferencias.<\/p><h2 class=\"wp-block-heading\">Tipos de Cookies utilizadas en el Sitio Web<\/h2><p>El sitio web utiliza los siguientes tipos de cookies, aunque una cookie puede estar incluida en m\u00e1s de una categor\u00eda:<\/p><ul class=\"wp-block-list\"><li>Cookies propias: Estas cookies permiten que el sitio Web funcione correctamente, por lo que son imprescindibles para que el usuario pueda utilizar todas las opciones del sitio web y pueda navegar y utilizar las funciones del mismo con normalidad.<\/li>\n\n<li>Cookies de terceros: Aquellas que se env\u00edan al equipo terminal del usuario desde un equipo o dominio que no es gestionado por Messagenes sino por otra entidad que trata los datos obtenidos a trav\u00e9s de las cookies.<\/li>\n\n<li>Cookies de personalizaci\u00f3n: Son aquellas que permiten al usuario acceder al servicio con algunas caracter\u00edsticas de car\u00e1cter general predefinidas en funci\u00f3n de una serie de criterios en el terminal del usuario, como el idioma, el tipo de navegador, la configuraci\u00f3n regional desde donde accede al servicio, etc.<\/li>\n\n<li>Cookies de an\u00e1lisis: Son aqu\u00e9llas que permiten a Messagenes el seguimiento y an\u00e1lisis del comportamiento de los usuarios de los sitios web a los que est\u00e1n vinculadas. La informaci\u00f3n recogida mediante este tipo de cookies se utiliza en la medici\u00f3n de la actividad de los sitios web, aplicaciones o plataformas y en la elaboraci\u00f3n de perfiles de navegaci\u00f3n de los usuarios en dichos sitios, aplicaciones y plataformas, con el fin de introducir mejoras en funci\u00f3n del an\u00e1lisis de los datos de uso que se obtienen de los usuarios del servicio.<\/li>\n\n<li>Cookies publicitarias: Son aqu\u00e9llas que permiten la gesti\u00f3n, de la forma m\u00e1s eficaz posible, de los espacios publicitarios que, en su caso, el editor haya incluido en una p\u00e1gina web, aplicaci\u00f3n o plataforma desde la que presta el servicio solicitado en base a criterios como el contenido editado o la frecuencia en la que se muestran los anuncios.<\/li>\n\n<li>Cookies de publicidad comportamental: Son aqu\u00e9llas que permiten la gesti\u00f3n, de la forma m\u00e1s eficaz posible, de los espacios publicitarios que, en su caso, el editor haya incluido en una p\u00e1gina web, aplicaci\u00f3n o plataforma desde la que presta el servicio solicitado. Estas cookies almacenan informaci\u00f3n del comportamiento de los usuarios obtenida a trav\u00e9s de un seguimiento continuado de sus h\u00e1bitos de navegaci\u00f3n, lo que permite desarrollar un perfil espec\u00edfico para mostrar publicidad en funci\u00f3n del mismo.<\/li><\/ul><p>A continuaci\u00f3n, se detallan las cookies que se utilizan en el Sitio Web:<\/p><figure class=\"wp-block-table\"><table><thead><tr><th>Nombre<\/th><th>Tipo<\/th><th>Duraci\u00f3n<\/th><th>Propiedad<\/th><th>Prop\u00f3sito<\/th><\/tr><\/thead><tbody><tr><td>__hs_opt_out<\/td><td>Propietario<\/td><td>13 meses<\/td><td>Third-party<\/td><td>Utilizada para recordar no pedir al usuario que vuelva a aceptar las cookies de nuevo<\/td><\/tr><tr><td>__hstc<\/td><td>Analytics<\/td><td>13 meses<\/td><td>Third-party<\/td><td>Cookie principal para rastrear visitantes.<\/td><\/tr><tr><td>__hssc<\/td><td>Analytics<\/td><td>30 minutos<\/td><td>Third-party<\/td><td>Realiza seguimiento de las sesiones.<\/td><\/tr><tr><td>__hssrc<\/td><td>Analytics<\/td><td>Al finalizar la sesi\u00f3n<\/td><td>Third-party<\/td><td>Para determinar si el visitante ha reiniciado su navegador<\/td><\/tr><\/tbody><\/table><\/figure><h2 class=\"wp-block-heading\">\u00bfC\u00f3mo Deshabilitar las Cookies?<\/h2><p>Todos los navegadores permiten realizar modificaciones para deshabilitar la configuraci\u00f3n de las cookies. Los enlaces de cada navegador para deshabilitar las cookies se proporcionan con las siguientes instrucciones:<\/p><ul class=\"wp-block-list\"><li>Internet Explorer: En el men\u00fa de herramientas, seleccione \u00abOpciones de Internet\u00bb. Haga clic en la pesta\u00f1a \u00abPrivacidad\u00bb. Puede configurar la privacidad con un cursor de seis posiciones que le permite controlar el n\u00famero de cookies que se instalar\u00e1n.<\/li>\n\n<li>Mozilla Firefox: En la parte superior de la ventana de Firefox, haga clic en el men\u00fa \u00abHerramientas\u00bb. Seleccione \u00abOpciones\u00bb. En el panel \u00abPrivacidad\u00bb, puede elegir la configuraci\u00f3n de \u201cUsar historial personalizado\u201d para configurar las opciones.<\/li>\n\n<li>Google Chrome: Haga clic en el men\u00fa ubicado en la barra de herramientas. Seleccione \u00abConfiguraci\u00f3n\u00bb. Haga clic en \u00abMostrar opciones avanzadas\u00bb. En la selecci\u00f3n \u00abPrivacidad\u00bb, haga clic en el bot\u00f3n \u00abConfiguraci\u00f3n de contenido\u00bb.<\/li>\n\n<li>Safari: En el men\u00fa de configuraci\u00f3n, seleccione la opci\u00f3n \u00abPreferencias\u00bb. Abra la pesta\u00f1a \u00abPrivacidad\u00bb. Seleccione la opci\u00f3n que desee de la secci\u00f3n \u00abBloquear cookies\u00bb.<\/li><\/ul><p>Recuerde que ciertas funciones y la funcionalidad completa del sitio web pueden no estar disponibles despu\u00e9s de deshabilitar las cookies.<\/p><h2 class=\"wp-block-heading\">Cookies en Dispositivos M\u00f3viles<\/h2><p>Messagenes tambi\u00e9n utiliza cookies u otros dispositivos de almacenamiento en dispositivos m\u00f3viles. Al igual que ocurre con los navegadores de los ordenadores, los navegadores de los dispositivos m\u00f3viles permiten cambios en las opciones o configuraciones de privacidad para deshabilitar o eliminar las cookies. Para cambiar las opciones de privacidad, siga las instrucciones especificadas por el desarrollador de su navegador para m\u00f3viles.<\/p><h2 class=\"wp-block-heading\">Aceptaci\u00f3n, Configuraci\u00f3n o Rechazo de Cookies<\/h2><p>Puede hacer clic en \u00abACEPTAR Y CERRAR\u00bb o seguir navegando para aceptar las cookies. Puede hacer clic en el bot\u00f3n \u201cCONFIGURAR O RECHAZAR\u201d para configurar o rechazar las cookies. Le informamos que en el caso de bloquear o no aceptar la instalaci\u00f3n de cookies, es posible que determinados servicios no est\u00e9n disponibles o que no pueda acceder a determinados servicios o aprovechar al m\u00e1ximo todo lo que este Sitio Web le ofrece.<\/p><p>Esta Pol\u00edtica de Cookies se encuentra actualizada a fecha 1 de Julio de 2024<\/p>","protected":false},"excerpt":{"rendered":"<p>Responsable del Tratamiento de Datos Personales \u00bfQu\u00e9 son las Cookies? Messagenes Espa\u00f1a, S.L. (en adelante, \u00abMessagenes\u00bb) informa a trav\u00e9s de la presente Pol\u00edtica de Cookies sobre la utilizaci\u00f3n de dispositivos de almacenamiento y recuperaci\u00f3n de datos en los equipos terminales de los Usuarios. Las cookies son ficheros que se descargan en el ordenador, smartphone o [&hellip;]<\/p>","protected":false},"author":1,"featured_media":0,"parent":0,"menu_order":0,"comment_status":"closed","ping_status":"closed","template":"","meta":{"rank_math_lock_modified_date":false,"footnotes":""},"class_list":["post-1680","page","type-page","status-publish","hentry"],"_links":{"self":[{"href":"https:\/\/shop.midoble.com\/en\/wp-json\/wp\/v2\/pages\/1680"}],"collection":[{"href":"https:\/\/shop.midoble.com\/en\/wp-json\/wp\/v2\/pages"}],"about":[{"href":"https:\/\/shop.midoble.com\/en\/wp-json\/wp\/v2\/types\/page"}],"author":[{"embeddable":true,"href":"https:\/\/shop.midoble.com\/en\/wp-json\/wp\/v2\/users\/1"}],"replies":[{"embeddable":true,"href":"https:\/\/shop.midoble.com\/en\/wp-json\/wp\/v2\/comments?post=1680"}],"version-history":[{"count":2,"href":"https:\/\/shop.midoble.com\/en\/wp-json\/wp\/v2\/pages\/1680\/revisions"}],"predecessor-version":[{"id":1682,"href":"https:\/\/shop.midoble.com\/en\/wp-json\/wp\/v2\/pages\/1680\/revisions\/1682"}],"wp:attachment":[{"href":"https:\/\/shop.midoble.com\/en\/wp-json\/wp\/v2\/media?parent=1680"}],"curies":[{"name":"wp","href":"https:\/\/api.w.org\/{rel}","templated":true}]}}