{"id":1683,"date":"2024-07-25T10:39:16","date_gmt":"2024-07-25T10:39:16","guid":{"rendered":"https:\/\/shop.midoble.com\/?page_id=1683"},"modified":"2024-08-16T13:58:25","modified_gmt":"2024-08-16T13:58:25","slug":"politica-de-privacidad","status":"publish","type":"page","link":"https:\/\/shop.midoble.com\/en\/politica-de-privacidad\/","title":{"rendered":"Privacy Policy"},"content":{"rendered":"<h2 class=\"wp-block-heading\">Responsable del Tratamiento de Datos Personales<\/h2><ul class=\"wp-block-list\"><li>Identidad: Messagenes Espa\u00f1a, S.L.<\/li>\n\n<li>Domicilio Postal: Carrer Foixarda 16, 43008, Tarragona, Espa\u00f1a.<\/li>\n\n<li>Correo Electr\u00f3nico de Contacto:\u00a0<a href=\"mailto:admin@messagenes.com\">admin@messagenes.com<\/a><\/li>\n\n<li>Contacto con la Oficina de Protecci\u00f3n de Datos: Puede ponerse en contacto con la Oficina de Protecci\u00f3n de Datos a trav\u00e9s del correo electr\u00f3nico\u00a0<a href=\"mailto:admin@messagenes.com\">admin@messagenes.com<\/a>.<\/li><\/ul><h2 class=\"wp-block-heading\">Finalidad del Tratamiento de Datos Personales<\/h2><p>Sus datos personales ser\u00e1n tratados con las siguientes finalidades:<\/p><ul class=\"wp-block-list\"><li>Gestionar el proceso de registro en nuestro sitio web.<\/li>\n\n<li>Gestionar la(s) lista(s) de distribuci\u00f3n de contenidos.<\/li>\n\n<li>Atender su solicitud de contacto o informaci\u00f3n.<\/li>\n\n<li>Enviarle informaci\u00f3n sobre nuestros productos y servicios, incluso por medios electr\u00f3nicos.<\/li>\n\n<li>Analizar el tr\u00e1fico web en nuestro sitio.<\/li><\/ul><p>En ning\u00fan caso utilizaremos su informaci\u00f3n personal para ning\u00fan otro fin que no sea el mencionado anteriormente, lo cual usted acepta expresamente.<\/p><h2 class=\"wp-block-heading\">Categor\u00eda de Datos Procesados<\/h2><p>Los datos personales que utilizamos se obtienen de la misma informaci\u00f3n que usted proporciona al completar los formularios en l\u00ednea. En concreto, utilizaremos los siguientes datos si rellena el formulario disponible:<\/p><ul class=\"wp-block-list\"><li>Datos Identificativos: nombre, apellido(s), empresa y direcci\u00f3n de correo electr\u00f3nico.<\/li><\/ul><h2 class=\"wp-block-heading\">Plazo de Conservaci\u00f3n de Datos<\/h2><p>Sus datos personales se conservar\u00e1n durante el tiempo necesario para la finalidad para la que fueron recabados. Entendemos que, transcurrido ese plazo, sus datos pueden quedar desactualizados y puede que ya no est\u00e9 interesado en trabajar con Messagenes Espa\u00f1a, S.L., por lo que procederemos a eliminar toda su informaci\u00f3n.<\/p><h2 class=\"wp-block-heading\">Bases Legales para el Tratamiento de Datos<\/h2><p>Solo tratamos los datos de los usuarios si contamos con el consentimiento expreso e informado de los usuarios para hacerlo, y siempre de acuerdo con las finalidades descritas en el apartado de especificaci\u00f3n de la finalidad.<\/p><h2 class=\"wp-block-heading\">Comunicaci\u00f3n de Datos Personales<\/h2><p>Los datos personales que nos facilite podr\u00e1n ser comunicados a entidades del grupo Messagenes Espa\u00f1a, S.L. Le garantizamos que, si sus datos salen del Espacio Econ\u00f3mico Europeo, ser\u00e1n tratados con el mismo nivel de protecci\u00f3n aplicable en Espa\u00f1a. Para ello, contamos con las licencias y contratos pertinentes que garantizan la seguridad de sus datos conforme a los m\u00e1s altos est\u00e1ndares.<\/p><h2 class=\"wp-block-heading\">Derechos del Usuario sobre sus Datos Personales<\/h2><p>Usted tiene los siguientes derechos sobre sus datos personales:<\/p><ul class=\"wp-block-list\"><li>Derecho a solicitar el acceso a los datos personales.<\/li>\n\n<li>Derecho a solicitar su rectificaci\u00f3n o supresi\u00f3n.<\/li>\n\n<li>Derecho de oposici\u00f3n.<\/li>\n\n<li>Derecho a solicitar la limitaci\u00f3n de su tratamiento.<\/li>\n\n<li>Derecho a la portabilidad de los datos.<\/li><\/ul><p>Para ejercer sus derechos deber\u00e1 enviarnos una comunicaci\u00f3n por escrito v\u00eda e-mail a la direcci\u00f3n&nbsp;<a href=\"mailto:admin@messagenes.com\">admin@messagenes.com<\/a>&nbsp;adjuntando copia de su DNI y datos del derecho que desea ejercer. Tambi\u00e9n le informamos que puede solicitar la tutela de sus derechos ante la Agencia Espa\u00f1ola de Protecci\u00f3n de Datos en Calle de Jorge Juan, 6, 28001 Madrid.<\/p><h2 class=\"wp-block-heading\">Modificaciones de la Pol\u00edtica de Privacidad<\/h2><p>Messagenes Espa\u00f1a, S.L. se reserva el derecho de modificar esta Pol\u00edtica de Privacidad en cualquier momento. Cualquier modificaci\u00f3n ser\u00e1 debidamente publicada en nuestro sitio web. Esta Pol\u00edtica de Privacidad se encuentra actualizada a fecha 1 de febrero de 2024.<\/p>","protected":false},"excerpt":{"rendered":"<p>Responsable del Tratamiento de Datos Personales Finalidad del Tratamiento de Datos Personales Sus datos personales ser\u00e1n tratados con las siguientes finalidades: En ning\u00fan caso utilizaremos su informaci\u00f3n personal para ning\u00fan otro fin que no sea el mencionado anteriormente, lo cual usted acepta expresamente. Categor\u00eda de Datos Procesados Los datos personales que utilizamos se obtienen de [&hellip;]<\/p>","protected":false},"author":1,"featured_media":0,"parent":0,"menu_order":0,"comment_status":"closed","ping_status":"closed","template":"","meta":{"rank_math_lock_modified_date":false,"footnotes":""},"class_list":["post-1683","page","type-page","status-publish","hentry"],"_links":{"self":[{"href":"https:\/\/shop.midoble.com\/en\/wp-json\/wp\/v2\/pages\/1683"}],"collection":[{"href":"https:\/\/shop.midoble.com\/en\/wp-json\/wp\/v2\/pages"}],"about":[{"href":"https:\/\/shop.midoble.com\/en\/wp-json\/wp\/v2\/types\/page"}],"author":[{"embeddable":true,"href":"https:\/\/shop.midoble.com\/en\/wp-json\/wp\/v2\/users\/1"}],"replies":[{"embeddable":true,"href":"https:\/\/shop.midoble.com\/en\/wp-json\/wp\/v2\/comments?post=1683"}],"version-history":[{"count":1,"href":"https:\/\/shop.midoble.com\/en\/wp-json\/wp\/v2\/pages\/1683\/revisions"}],"predecessor-version":[{"id":1684,"href":"https:\/\/shop.midoble.com\/en\/wp-json\/wp\/v2\/pages\/1683\/revisions\/1684"}],"wp:attachment":[{"href":"https:\/\/shop.midoble.com\/en\/wp-json\/wp\/v2\/media?parent=1683"}],"curies":[{"name":"wp","href":"https:\/\/api.w.org\/{rel}","templated":true}]}}