{"id":499,"date":"2024-07-09T18:11:08","date_gmt":"2024-07-09T18:11:08","guid":{"rendered":"https:\/\/shop.midoble.com\/?page_id=499"},"modified":"2024-08-04T23:05:44","modified_gmt":"2024-08-04T23:05:44","slug":"contacto","status":"publish","type":"page","link":"https:\/\/shop.midoble.com\/en\/contacto\/","title":{"rendered":"Contact"},"content":{"rendered":"<div data-elementor-type=\"wp-page\" data-elementor-id=\"499\" class=\"elementor elementor-499\" data-elementor-post-type=\"page\">\n\t\t\t\t\t\t<section class=\"elementor-section elementor-top-section elementor-element elementor-element-48ab96e elementor-section-content-middle elementor-section-boxed elementor-section-height-default elementor-section-height-default\" data-id=\"48ab96e\" data-element_type=\"section\">\n\t\t\t\t\t\t<div class=\"elementor-container elementor-column-gap-no\">\n\t\t\t\t\t<div class=\"aux-parallax-section elementor-column elementor-col-50 elementor-top-column elementor-element elementor-element-851e26c\" data-id=\"851e26c\" data-element_type=\"column\">\n\t\t\t<div class=\"elementor-widget-wrap elementor-element-populated\">\n\t\t\t\t\t\t<div class=\"elementor-element elementor-element-3318e7f aux-appear-watch-animation aux-fade-in-up elementor-widget elementor-widget-aux_modern_heading\" data-id=\"3318e7f\" data-element_type=\"widget\" data-widget_type=\"aux_modern_heading.default\">\n\t\t\t\t<div class=\"elementor-widget-container\">\n\t\t\t<section class=\"aux-widget-modern-heading\">\n            <div class=\"aux-widget-inner\"><h2 class=\"aux-modern-heading-primary\">Contact us<\/h2><h3 class=\"aux-modern-heading-secondary\"><span class=\"aux-head-highlight\">How can we help you?<\/span><\/h3><div class=\"aux-modern-heading-description\"><p>Tus datos nunca ser\u00e1n publicados. Estaremos encantados de recibir tu informaci\u00f3n.<\/p><\/div><\/div>\n        <\/section>\t\t<\/div>\n\t\t\t\t<\/div>\n\t\t\t\t<div class=\"elementor-element elementor-element-46c40fe aux-appear-watch-animation aux-fade-in-right elementor-widget elementor-widget-aux_contact_form\" data-id=\"46c40fe\" data-element_type=\"widget\" data-widget_type=\"aux_contact_form.default\">\n\t\t\t\t<div class=\"elementor-widget-container\">\n\t\t\t<section class=\"widget-container aux-widget-contact-form aux-parent-au7b8ed94f\">            <div class=\"aux-col-wrapper aux-no-gutter\">\n            <!-- @TODO - The output for element here -->\n\n            \n            \n            <form action=\"https:\/\/shop.midoble.com\/en\/contacto\/\" id=\"contactForm\" class=\"aux-contact-form\" method=\"post\" data-trp-original-action=\"https:\/\/shop.midoble.com\/en\/contacto\/\" >\n                <input type=\"text\"  name=\"cName\"    id=\"cName\"    placeholder=\"Name\" required>\n                <input type=\"email\" name=\"cEmail\"   id=\"cEmail\"   placeholder=\"E-Mail\" required>\n                <input type=\"text\"  name=\"cURL\"     id=\"cURL\"     placeholder=\"Website\" >\n                <textarea           name=\"cComment\" id=\"cComment\" placeholder=\"Message\" required><\/textarea>\n                <input type=\"submit\" id=\"submit\" class=\"submit\"  value=\"Submit\" >\n\n                \n                <input type=\"hidden\" name=\"formSubmitted\" id=\"formSubmitted\" value=\"true\" \/>\n            <input type=\"hidden\" name=\"trp-form-language\" value=\"en\"\/><\/form>\n\n            \n\n            <\/div><!-- aux-col-wrapper -->\n    <\/section><!-- widget-container -->\t\t<\/div>\n\t\t\t\t<\/div>\n\t\t\t\t\t<\/div>\n\t\t<\/div>\n\t\t\t\t<div class=\"aux-parallax-section elementor-column elementor-col-50 elementor-top-column elementor-element elementor-element-e48acf2\" data-id=\"e48acf2\" data-element_type=\"column\">\n\t\t\t<div class=\"elementor-widget-wrap elementor-element-populated\">\n\t\t\t\t\t\t<div class=\"elementor-element elementor-element-9ed5e8a elementor-widget elementor-widget-text-editor\" data-id=\"9ed5e8a\" data-element_type=\"widget\" data-widget_type=\"text-editor.default\">\n\t\t\t\t<div class=\"elementor-widget-container\">\n\t\t\t\t\t\t\tIf you prefer, you can talk to <strong>Son.ia is our customer service Doble<\/strong>She will guide you and provide information about the Store.<br>\n\nRemember that MiDoble is a hybrid system, so we are also behind Son.ia for whatever you need.\n\n<center><iframe src=\"https:\/\/www.midoble.com\/hablar\/19?iframe=true\" width=\"300\" height=\"700\"><\/iframe><center><\/center><\/center>\t\t\t\t\t\t<\/div>\n\t\t\t\t<\/div>\n\t\t\t\t\t<\/div>\n\t\t<\/div>\n\t\t\t\t\t<\/div>\n\t\t<\/section>\n\t\t\t\t<section class=\"elementor-section elementor-top-section elementor-element elementor-element-5a3abb9 elementor-section-boxed elementor-section-height-default elementor-section-height-default\" data-id=\"5a3abb9\" data-element_type=\"section\">\n\t\t\t\t\t\t<div class=\"elementor-container elementor-column-gap-no\">\n\t\t\t\t\t<div class=\"aux-parallax-section elementor-column elementor-col-33 elementor-top-column elementor-element elementor-element-6673aca\" data-id=\"6673aca\" data-element_type=\"column\">\n\t\t\t<div class=\"elementor-widget-wrap elementor-element-populated\">\n\t\t\t\t\t\t<div class=\"elementor-element elementor-element-1ec0e64 elementor-widget__width-auto aux-appear-watch-animation aux-fade-in-left elementor-widget elementor-widget-aux_text\" data-id=\"1ec0e64\" data-element_type=\"widget\" data-widget_type=\"aux_text.default\">\n\t\t\t\t<div class=\"elementor-widget-container\">\n\t\t\t<section class=\"widget-container aux-widget-text aux-parent-au66ce44bb\">        <div class=\"aux-widget-advanced-text aux-wrap-style-simple aux-ico-pos-left aux-text-left aux-text-resp- aux-text-color-dark aux-text-widget-bg-center\" >\n        \n                            <div class=\"aux-text-widget-header\"  >\n                        <div class=\"aux-ico-box aux-ico-large aux-ico-clear\">\n                                                                <svg xmlns=\"http:\/\/www.w3.org\/2000\/svg\" width=\"26.549\" height=\"33.276\" viewbox=\"0 0 26.549 33.276\"><defs><lineargradient id=\"a\" x1=\"0.5\" x2=\"0.5\" y2=\"1\"><stop offset=\"0\" stop-color=\"var(--e-global-color-primary)\" \/><stop offset=\"1\" stop-color=\"var(--e-global-color-secondary)\" \/><\/lineargradient><\/defs><path d=\"M62.1.008A13.279,13.279,0,0,0,49.54,15.8h0s.02.143.089.416a13.306,13.306,0,0,0,.894,2.634C51.852,22,54.93,27.272,61.834,33.01a1.153,1.153,0,0,0,1.474,0c6.9-5.731,9.982-11.005,11.319-14.171a12.742,12.742,0,0,0,.894-2.634c.061-.266.089-.416.089-.416h0A13.282,13.282,0,0,0,62.1.008Zm.471,19.868a6.448,6.448,0,1,1,6.448-6.448A6.447,6.447,0,0,1,62.571,19.876Z\" transform=\"translate(-49.299 0)\" fill=\"url(#a)\" \/><\/svg>                                                    <\/div>\n                <\/div>\n            \n            <div class=\"aux-text-inner aux-text-widget-content\">\n                                <h4 class=\"col-title\">Our offices<\/h4>\n                                <div class=\"widget-content\">\n                                        <p>You can find us in Tarragona<\/p>                <\/div>\n                            <\/div>\n        <\/div>\n                    <div class=\"aux-text-widget-footer\">\n                <div class=\"aux-border-shape-none\">\n                                <\/div>\n            <\/div>\n        \n<\/section><!-- widget-container -->\t\t<\/div>\n\t\t\t\t<\/div>\n\t\t\t\t\t<\/div>\n\t\t<\/div>\n\t\t\t\t<div class=\"aux-parallax-section elementor-column elementor-col-33 elementor-top-column elementor-element elementor-element-521aa85\" data-id=\"521aa85\" data-element_type=\"column\">\n\t\t\t<div class=\"elementor-widget-wrap elementor-element-populated\">\n\t\t\t\t\t\t<div class=\"elementor-element elementor-element-158456b elementor-widget__width-auto aux-appear-watch-animation aux-scale-down elementor-widget elementor-widget-aux_text\" data-id=\"158456b\" data-element_type=\"widget\" data-widget_type=\"aux_text.default\">\n\t\t\t\t<div class=\"elementor-widget-container\">\n\t\t\t<section class=\"widget-container aux-widget-text aux-parent-au297ff527\">        <div class=\"aux-widget-advanced-text aux-wrap-style-simple aux-ico-pos-left aux-text-left aux-text-resp- aux-text-color-dark aux-text-widget-bg-center\" >\n        \n                            <div class=\"aux-text-widget-header\"  >\n                        <div class=\"aux-ico-box aux-ico-large aux-ico-clear\">\n                                                                <svg xmlns=\"http:\/\/www.w3.org\/2000\/svg\" width=\"33.047\" height=\"20.992\" viewbox=\"0 0 33.047 20.992\"><defs><lineargradient id=\"a\" x1=\"0.5\" x2=\"0.5\" y2=\"1\"><stop offset=\"0\" stop-color=\"var(--e-global-color-primary)\" \/><stop offset=\"1\" stop-color=\"var(--e-global-color-secondary)\" \/><\/lineargradient><\/defs><path d=\"M3.172,61.291q.627.358,3.78,2.125t4.832,2.721q.184.1.784.455t1,.567q.4.216.959.484a6.248,6.248,0,0,0,1.06.4,3.549,3.549,0,0,0,.922.134h.037a3.552,3.552,0,0,0,.922-.134,6.254,6.254,0,0,0,1.06-.4q.562-.269.959-.484t1-.567q.6-.351.784-.455,1.7-.954,8.631-4.846a8.118,8.118,0,0,0,2.25-1.834,3.453,3.453,0,0,0,.9-2.251,2.1,2.1,0,0,0-.876-1.685,3.22,3.22,0,0,0-2.075-.7H2.951A2.935,2.935,0,0,0,.765,55.6,2.648,2.648,0,0,0,0,57.533a3.142,3.142,0,0,0,1.014,2.035A8.556,8.556,0,0,0,3.172,61.291Z\" transform=\"translate(0 -54.82)\" fill=\"url(#a)\" \/><path d=\"M31.2,185.734q-6.048,3.31-9.184,5.144-1.051.626-1.706.976a11.636,11.636,0,0,1-1.743.716,6.388,6.388,0,0,1-2.028.365h-.037a6.391,6.391,0,0,1-2.029-.365,11.642,11.642,0,0,1-1.743-.716q-.654-.35-1.706-.976-2.49-1.476-9.165-5.144A9.5,9.5,0,0,1,0,184.437v11.837a2.1,2.1,0,0,0,.867,1.685,3.21,3.21,0,0,0,2.084.7H30.1a3.21,3.21,0,0,0,2.084-.7,2.1,2.1,0,0,0,.867-1.685V184.437A9.863,9.863,0,0,1,31.2,185.734Z\" transform=\"translate(0 -177.668)\" fill=\"url(#a)\" \/><\/svg>                                                    <\/div>\n                <\/div>\n            \n            <div class=\"aux-text-inner aux-text-widget-content\">\n                                <h4 class=\"col-title\">Contact Email<\/h4>\n                                <div class=\"widget-content\">\n                                        <p>midoblepuntocom@gmail.com<\/p>                <\/div>\n                            <\/div>\n        <\/div>\n                    <div class=\"aux-text-widget-footer\">\n                <div class=\"aux-border-shape-none\">\n                                <\/div>\n            <\/div>\n        \n<\/section><!-- widget-container -->\t\t<\/div>\n\t\t\t\t<\/div>\n\t\t\t\t\t<\/div>\n\t\t<\/div>\n\t\t\t\t<div class=\"aux-parallax-section elementor-column elementor-col-33 elementor-top-column elementor-element elementor-element-1f687cb\" data-id=\"1f687cb\" data-element_type=\"column\">\n\t\t\t<div class=\"elementor-widget-wrap elementor-element-populated\">\n\t\t\t\t\t\t<div class=\"elementor-element elementor-element-888e630 elementor-widget__width-auto aux-appear-watch-animation aux-fade-in-right elementor-widget elementor-widget-aux_text\" data-id=\"888e630\" data-element_type=\"widget\" data-widget_type=\"aux_text.default\">\n\t\t\t\t<div class=\"elementor-widget-container\">\n\t\t\t<section class=\"widget-container aux-widget-text aux-parent-auda4443e7\">        <div class=\"aux-widget-advanced-text aux-wrap-style-simple aux-ico-pos-left aux-text-left aux-text-resp- aux-text-color-dark aux-text-widget-bg-center\" >\n        \n                            <div class=\"aux-text-widget-header\"  >\n                        <div class=\"aux-ico-box aux-ico-large aux-ico-clear\">\n                                                                <svg xmlns=\"http:\/\/www.w3.org\/2000\/svg\" width=\"31.999\" height=\"31.999\" viewbox=\"0 0 31.999 31.999\"><path d=\"M359.865,66.154l-8.084-8.084,1.034-1.034a3.057,3.057,0,0,1,4.324,0L360.9,60.8a3.057,3.057,0,0,1,0,4.324Zm0,0\" transform=\"translate(-329.795 -37.664)\" fill=\"var(--e-global-color-secondary)\" \/><path d=\"M56.137,353.711l1.034-1.034a3.057,3.057,0,0,1,4.324,0l3.761,3.761a3.061,3.061,0,0,1,0,4.324l-1.034,1.034Zm0,0\" transform=\"translate(-52.628 -351.781)\" fill=\"var(--e-global-color-secondary)\" \/><path d=\"M28.649,26.5c-2.728,2.26-6.235,2.754-10.209,1.417a28.986,28.986,0,0,1-10.6-7.1,28.981,28.981,0,0,1-7.1-10.6C-.6,6.236-.107,2.728,2.153,0l8.123,8.123c-1.746,2.721.764,5.942,2.535,7.713s4.992,4.281,7.713,2.535Zm0,0\" transform=\"translate(-0.001 3.351)\" fill=\"var(--e-global-color-secondary)\" \/><\/svg>                                                    <\/div>\n                <\/div>\n            \n            <div class=\"aux-text-inner aux-text-widget-content\">\n                                <h4 class=\"col-title\">Phone number<\/h4>\n                                <div class=\"widget-content\">\n                                        <p>Coming soon<\/p>                <\/div>\n                            <\/div>\n        <\/div>\n                    <div class=\"aux-text-widget-footer\">\n                <div class=\"aux-border-shape-none\">\n                                <\/div>\n            <\/div>\n        \n<\/section><!-- widget-container -->\t\t<\/div>\n\t\t\t\t<\/div>\n\t\t\t\t\t<\/div>\n\t\t<\/div>\n\t\t\t\t\t<\/div>\n\t\t<\/section>\n\t\t\t\t<\/div>","protected":false},"excerpt":{"rendered":"<p>Contacta con nosotros \u00bfC\u00f3mo podemos ayudarte? Tus datos nunca ser\u00e1n publicados. Estaremos encantados de recibir tu informaci\u00f3n. Si lo prefieres puedes hablar con Son.ia nuestra doble de atenci\u00f3n al cliente. Ella te guiar\u00e1 y ofrecer\u00e1 informaci\u00f3n sobre la Tienda. Recuerda que Midoble es un sistema h\u00edbrido, de modo que nosotros tambi\u00e9n estamos detr\u00e1s de Son.ia [&hellip;]<\/p>","protected":false},"author":1,"featured_media":0,"parent":0,"menu_order":0,"comment_status":"closed","ping_status":"closed","template":"","meta":{"rank_math_lock_modified_date":false,"footnotes":""},"class_list":["post-499","page","type-page","status-publish","hentry"],"_links":{"self":[{"href":"https:\/\/shop.midoble.com\/en\/wp-json\/wp\/v2\/pages\/499"}],"collection":[{"href":"https:\/\/shop.midoble.com\/en\/wp-json\/wp\/v2\/pages"}],"about":[{"href":"https:\/\/shop.midoble.com\/en\/wp-json\/wp\/v2\/types\/page"}],"author":[{"embeddable":true,"href":"https:\/\/shop.midoble.com\/en\/wp-json\/wp\/v2\/users\/1"}],"replies":[{"embeddable":true,"href":"https:\/\/shop.midoble.com\/en\/wp-json\/wp\/v2\/comments?post=499"}],"version-history":[{"count":22,"href":"https:\/\/shop.midoble.com\/en\/wp-json\/wp\/v2\/pages\/499\/revisions"}],"predecessor-version":[{"id":2223,"href":"https:\/\/shop.midoble.com\/en\/wp-json\/wp\/v2\/pages\/499\/revisions\/2223"}],"wp:attachment":[{"href":"https:\/\/shop.midoble.com\/en\/wp-json\/wp\/v2\/media?parent=499"}],"curies":[{"name":"wp","href":"https:\/\/api.w.org\/{rel}","templated":true}]}}